{"id":485,"date":"2025-03-13T15:55:26","date_gmt":"2025-03-13T13:55:26","guid":{"rendered":"https:\/\/www.driversapp.gr\/beneficios-para-conductores-y-empresas\/"},"modified":"2025-10-28T11:44:54","modified_gmt":"2025-10-28T09:44:54","slug":"beneficios-para-conductores-y-empresas","status":"publish","type":"page","link":"https:\/\/www.driversapp.gr\/es\/beneficios-para-conductores-y-empresas\/","title":{"rendered":"Beneficios para Conductores y Empresas"},"content":{"rendered":"<div class=\"wpb-content-wrapper\"><p>[vc_section el_id=&#8221;features&#8221; el_class=&#8221;bg-grey&#8221;][vc_row][vc_column]<div class=\"row justify-content-center\"><div class=\"col-12 col-md-10 col-lg-6\"><div class=\"section-title text-center  \"><h3>Beneficios<\/h3><p>El ecosistema digital de aplicaciones <strong>drivers.app<\/strong> representa una soluci\u00f3n l\u00edder en la transformaci\u00f3n digital de <strong>Autoescuelas<\/strong>, ofreciendo beneficios \u00fanicos para todos los involucrados en su funcionamiento.<br \/>A trav\u00e9s de su utilizaci\u00f3n, cada Autoescuela logra:<\/p><\/div><\/div><\/div>[\/vc_column][\/vc_row][vc_row el_class=&#8221;vc_row-flex align-items-center&#8221;][vc_column width=&#8221;1\/3&#8243;]<ul class=\"features-item\" ><li> \r\n\t\t\t\t\t<div class=\"feature-box box-left d-flex\"> \r\n\t\t\t\t\t\t<div class=\"box-icon\">\r\n\t\t\t\t\t\t\t<div class=\"icon icon-basic-gear\">\r\n\t\t\t\t\t\t\t\t\r\n\t\t\t\t\t\t\t<\/div>\r\n\t\t\t\t\t\t<\/div>\r\n\t\t\t\t\t\t<div class=\"box-text align-self-center align-self-md-start\"><h4>Servicio \u00fanico<\/h4><p>Proporcionar una experiencia de servicio \u00f3ptima para estudiantes e instructores.<\/p><\/div>\r\n\t\t\t\t\t<\/div>\r\n\t\t\t\t<\/li><li> \r\n\t\t\t\t\t<div class=\"feature-box box-left d-flex\"> \r\n\t\t\t\t\t\t<div class=\"box-icon\">\r\n\t\t\t\t\t\t\t<div class=\"icon icon-basic-lock\">\r\n\t\t\t\t\t\t\t\t\r\n\t\t\t\t\t\t\t<\/div>\r\n\t\t\t\t\t\t<\/div>\r\n\t\t\t\t\t\t<div class=\"box-text align-self-center align-self-md-start\"><h4>Automatizaci\u00f3n de procesos<\/h4><p>Mejor organizaci\u00f3n interna con automatizaci\u00f3n de procesos y funcionamiento estructurado.<\/p><\/div>\r\n\t\t\t\t\t<\/div>\r\n\t\t\t\t<\/li><li> \r\n\t\t\t\t\t<div class=\"feature-box box-left d-flex\"> \r\n\t\t\t\t\t\t<div class=\"box-icon\">\r\n\t\t\t\t\t\t\t<div class=\"icon icon-basic-message-txt\">\r\n\t\t\t\t\t\t\t\t\r\n\t\t\t\t\t\t\t<\/div>\r\n\t\t\t\t\t\t<\/div>\r\n\t\t\t\t\t\t<div class=\"box-text align-self-center align-self-md-start\"><h4>Aumento de la productividad<\/h4><p>Aumento de la productividad del personal administrativo a trav\u00e9s de la r\u00e1pida implementaci\u00f3n de tareas diarias repetitivas.<\/p><\/div>\r\n\t\t\t\t\t<\/div>\r\n\t\t\t\t<\/li><\/ul>[\/vc_column][vc_column width=&#8221;1\/3&#8243; offset=&#8221;vc_hidden-xs&#8221;][vc_single_image image=&#8221;451&#8243; img_size=&#8221;full&#8221; alignment=&#8221;center&#8221; css=&#8221;&#8221;][\/vc_column][vc_column width=&#8221;1\/3&#8243;]<ul class=\"features-item\" ><li> \r\n\t\t\t\t\t<div class=\"feature-box  d-flex\"> \r\n\t\t\t\t\t\t<div class=\"box-icon\">\r\n\t\t\t\t\t\t\t<div class=\"icon icon-basic-share\">\r\n\t\t\t\t\t\t\t\t\r\n\t\t\t\t\t\t\t<\/div>\r\n\t\t\t\t\t\t<\/div>\r\n\t\t\t\t\t\t<div class=\"box-text align-self-center align-self-md-start\"><h4>Supervisi\u00f3n inmediata<\/h4><p>Supervisi\u00f3n inmediata de la ejecuci\u00f3n de tareas diarias.<\/p><\/div>\r\n\t\t\t\t\t<\/div>\r\n\t\t\t\t<\/li><li> \r\n\t\t\t\t\t<div class=\"feature-box  d-flex\"> \r\n\t\t\t\t\t\t<div class=\"box-icon\">\r\n\t\t\t\t\t\t\t<div class=\"icon icon-basic-sheet-multiple\">\r\n\t\t\t\t\t\t\t\t\r\n\t\t\t\t\t\t\t<\/div>\r\n\t\t\t\t\t\t<\/div>\r\n\t\t\t\t\t\t<div class=\"box-text align-self-center align-self-md-start\"><h4>Servicios educativos mejorados<\/h4><p>Mejora del proceso educativo con herramientas digitales modernas.<\/p><\/div>\r\n\t\t\t\t\t<\/div>\r\n\t\t\t\t<\/li><li> \r\n\t\t\t\t\t<div class=\"feature-box  d-flex\"> \r\n\t\t\t\t\t\t<div class=\"box-icon\">\r\n\t\t\t\t\t\t\t<div class=\"icon icon-basic-alarm\">\r\n\t\t\t\t\t\t\t\t\r\n\t\t\t\t\t\t\t<\/div>\r\n\t\t\t\t\t\t<\/div>\r\n\t\t\t\t\t\t<div class=\"box-text align-self-center align-self-md-start\"><h4>Informaci\u00f3n inmediata<\/h4><p>Capacidad de proporcionar informaci\u00f3n inmediata (individual o grupal) de la manera m\u00e1s eficiente y econ\u00f3mica (notificaciones push).<\/p><\/div>\r\n\t\t\t\t\t<\/div>\r\n\t\t\t\t<\/li><\/ul>[\/vc_column][\/vc_row][\/vc_section][vc_row][vc_column][vc_column_text css=&#8221;&#8221;]La plataforma <strong>drivers.app<\/strong> proporciona dos subsistemas distintos: las aplicaciones m\u00f3viles nativas para instructores y alumnos, y la aplicaci\u00f3n web para el personal administrativo de cada Autoescuela. Est\u00e1 dise\u00f1ada seg\u00fan los principios &#8220;cloud first&#8221; &#8211; &#8220;mobile first&#8221;, lo que en la pr\u00e1ctica significa: <\/p>\n<p><strong>1. Cloud first:<\/strong> La soluci\u00f3n se ofrece a las autoescuelas como un servicio en la nube que incluye el software como servicio (Software-as-a-Service) y todos los servicios de infraestructura necesarios para el funcionamiento ininterrumpido de la soluci\u00f3n en Internet (servicios de alojamiento, ancho de banda, servicios de seguridad, etc.). La adopci\u00f3n de la soluci\u00f3n por parte de cada autoescuela no requiere ninguna inversi\u00f3n en infraestructura (ordenadores, redes, seguridad). <br \/><strong>2. Mobile first:<\/strong> La soluci\u00f3n proporciona una experiencia \u00f3ptima a sus usuarios principalmente a trav\u00e9s del uso de dispositivos m\u00f3viles (smartphones). Para mejor servir a la filosof\u00eda <strong>Mobile First<\/strong>, el servicio a usuarios con rol de Instructor, Alumno y Tutor se realiza mediante aplicaciones m\u00f3viles nativas para dispositivos con sistema operativo Android o iOS, mientras que para los usuarios administrativos de la organizaci\u00f3n educativa, el acceso a la aplicaci\u00f3n se implementa mediante el uso de la aplicaci\u00f3n web adaptable (responsive) que atiende de manera \u00f3ptima las necesidades de gesti\u00f3n de datos que una Autoescuela debe manejar de forma segura y eficaz.[\/vc_column_text][\/vc_column][\/vc_row]<\/p>\n<\/div>","protected":false},"excerpt":{"rendered":"<p>[vc_section el_id=&#8221;features&#8221; el_class=&#8221;bg-grey&#8221;][vc_row][vc_column][\/vc_column][\/vc_row][vc_row el_class=&#8221;vc_row-flex align-items-center&#8221;][vc_column width=&#8221;1\/3&#8243;][\/vc_column][vc_column width=&#8221;1\/3&#8243; offset=&#8221;vc_hidden-xs&#8221;][vc_single_image image=&#8221;451&#8243; img_size=&#8221;full&#8221; alignment=&#8221;center&#8221; css=&#8221;&#8221;][\/vc_column][vc_column width=&#8221;1\/3&#8243;][\/vc_column][\/vc_row][\/vc_section][vc_row][vc_column][vc_column_text css=&#8221;&#8221;]La plataforma drivers.app proporciona dos subsistemas distintos: las aplicaciones m\u00f3viles nativas para instructores y alumnos, y la aplicaci\u00f3n web para el personal administrativo de cada Autoescuela. Est\u00e1 dise\u00f1ada seg\u00fan los principios &#8220;cloud first&#8221; &#8211; &#8220;mobile first&#8221;, lo que en la pr\u00e1ctica significa: [&hellip;]<\/p>\n","protected":false},"author":1,"featured_media":0,"parent":0,"menu_order":0,"comment_status":"closed","ping_status":"closed","template":"","meta":{"_seopress_robots_primary_cat":"","_seopress_titles_title":"\u039f\u03c6\u03ad\u03bb\u03b7 Drivers.app | \u03a8\u03b7\u03c6\u03b9\u03b1\u03ba\u03cc\u03c2 \u039c\u03b5\u03c4\u03b1\u03c3\u03c7\u03b7\u03bc\u03b1\u03c4\u03b9\u03c3\u03bc\u03cc\u03c2 \u03a3\u03c7\u03bf\u03bb\u03ce\u03bd \u039f\u03b4\u03b7\u03b3\u03ce\u03bd","_seopress_titles_desc":"\u0391\u03bd\u03b1\u03b2\u03ac\u03b8\u03bc\u03b9\u03c3\u03b5 \u03c4\u03b7 \u03c3\u03c7\u03bf\u03bb\u03ae \u03bf\u03b4\u03b7\u03b3\u03ce\u03bd \u03c3\u03bf\u03c5 \u03bc\u03b5 \u03c4\u03bf drivers.app! Cloud & mobile \u03bb\u03cd\u03c3\u03b7 \u03b3\u03b9\u03b1 \u03b1\u03c5\u03c4\u03bf\u03bc\u03b1\u03c4\u03bf\u03c0\u03bf\u03af\u03b7\u03c3\u03b7, \u03b5\u03bd\u03b7\u03bc\u03ad\u03c1\u03c9\u03c3\u03b7 \u03ba\u03b1\u03b9 \u03b1\u03cd\u03be\u03b7\u03c3\u03b7 \u03c0\u03b1\u03c1\u03b1\u03b3\u03c9\u03b3\u03b9\u03ba\u03cc\u03c4\u03b7\u03c4\u03b1\u03c2.","_seopress_robots_index":"","footnotes":""},"class_list":["post-485","page","type-page","status-publish"],"_links":{"self":[{"href":"https:\/\/www.driversapp.gr\/es\/wp-json\/wp\/v2\/pages\/485","targetHints":{"allow":["GET"]}}],"collection":[{"href":"https:\/\/www.driversapp.gr\/es\/wp-json\/wp\/v2\/pages"}],"about":[{"href":"https:\/\/www.driversapp.gr\/es\/wp-json\/wp\/v2\/types\/page"}],"author":[{"embeddable":true,"href":"https:\/\/www.driversapp.gr\/es\/wp-json\/wp\/v2\/users\/1"}],"replies":[{"embeddable":true,"href":"https:\/\/www.driversapp.gr\/es\/wp-json\/wp\/v2\/comments?post=485"}],"version-history":[{"count":11,"href":"https:\/\/www.driversapp.gr\/es\/wp-json\/wp\/v2\/pages\/485\/revisions"}],"predecessor-version":[{"id":841,"href":"https:\/\/www.driversapp.gr\/es\/wp-json\/wp\/v2\/pages\/485\/revisions\/841"}],"wp:attachment":[{"href":"https:\/\/www.driversapp.gr\/es\/wp-json\/wp\/v2\/media?parent=485"}],"curies":[{"name":"wp","href":"https:\/\/api.w.org\/{rel}","templated":true}]}}