{"id":675,"date":"2025-10-20T14:49:26","date_gmt":"2025-10-20T11:49:26","guid":{"rendered":"https:\/\/www.driversapp.gr\/para-la-autoescuela\/"},"modified":"2025-10-28T11:41:21","modified_gmt":"2025-10-28T09:41:21","slug":"para-la-autoescuela","status":"publish","type":"page","link":"https:\/\/www.driversapp.gr\/es\/para-la-autoescuela\/","title":{"rendered":"Para la Autoescuela"},"content":{"rendered":"<div class=\"wpb-content-wrapper\"><p>[vc_section el_id=&#8221;features&#8221; el_class=&#8221;bg-grey&#8221;][vc_row][vc_column]<div class=\"row justify-content-center\"><div class=\"col-12 col-md-10 col-lg-6\"><div class=\"section-title text-center  \"><h3>Funcionalidades para los directivos y propietarios de Autoescuelas<\/h3><p>La gesti\u00f3n del conjunto de procesos operativos de la autoescuela es digital, r\u00e1pida, f\u00e1cil y eficaz. Informaci\u00f3n inmediata y registro v\u00e1lido de toda la labor educativa que se produce en la Autoescuela para cada candidato a conductor. Informes detallados y paneles de control para el personal de secretar\u00eda y el propietario de cada Autoescuela  <\/p>\n<p>A trav\u00e9s de un entorno de trabajo web excepcionalmente f\u00e1cil de usar se proporcionan las siguientes funcionalidades\/caracter\u00edsticas para el personal directivo de las Autoescuelas:<\/p><\/div><\/div><\/div>[\/vc_column][\/vc_row][vc_row el_class=&#8221;vc_row-flex align-items-center&#8221;][vc_column width=&#8221;1\/3&#8243;]<ul class=\"features-item\" ><li> \r\n\t\t\t\t\t<div class=\"feature-box box-left d-flex\"> \r\n\t\t\t\t\t\t<div class=\"box-icon\">\r\n\t\t\t\t\t\t\t<div class=\"icon icon-basic-gear\">\r\n\t\t\t\t\t\t\t\t\r\n\t\t\t\t\t\t\t<\/div>\r\n\t\t\t\t\t\t<\/div>\r\n\t\t\t\t\t\t<div class=\"box-text align-self-center align-self-md-start\"><h4>Par\u00e1metros operativos<\/h4><p>\u00b7 Instalaciones del edificio (edificios y anexos)<br \/>\u00b7 Aulas (f\u00edsicas y digitales). Parametrizaci\u00f3n del funcionamiento de las aulas digitales<br \/>\u00b7 Veh\u00edculos de formaci\u00f3n<br \/>\u00b7 Horas de ense\u00f1anza<br \/>\u00b7 Actividades educativas<br \/>\u00b7 D\u00edas festivos oficiales y locales<br \/>\u00b7 Gesti\u00f3n de excepciones en el programa de los formadores <\/p><\/div>\r\n\t\t\t\t\t<\/div>\r\n\t\t\t\t<\/li><li> \r\n\t\t\t\t\t<div class=\"feature-box box-left d-flex\"> \r\n\t\t\t\t\t\t<div class=\"box-icon\">\r\n\t\t\t\t\t\t\t<div class=\"icon icon-basic-lock\">\r\n\t\t\t\t\t\t\t\t\r\n\t\t\t\t\t\t\t<\/div>\r\n\t\t\t\t\t\t<\/div>\r\n\t\t\t\t\t\t<div class=\"box-text align-self-center align-self-md-start\"><h4>Organizaci\u00f3n acad\u00e9mica<\/h4><p>\u00b7 Unidades operativas de funcionamiento<br \/>\u00b7 Categor\u00edas de servicios prestados<br \/>\u00b7 Servicios prestados<br \/>\u00b7 Cursos (pr\u00e1cticos y te\u00f3ricos)<br \/>\u00b7 Per\u00edodos acad\u00e9micos<\/p><\/div>\r\n\t\t\t\t\t<\/div>\r\n\t\t\t\t<\/li><li> \r\n\t\t\t\t\t<div class=\"feature-box box-left d-flex\"> \r\n\t\t\t\t\t\t<div class=\"box-icon\">\r\n\t\t\t\t\t\t\t<div class=\"icon icon-basic-message-txt\">\r\n\t\t\t\t\t\t\t\t\r\n\t\t\t\t\t\t\t<\/div>\r\n\t\t\t\t\t\t<\/div>\r\n\t\t\t\t\t\t<div class=\"box-text align-self-center align-self-md-start\"><h4>Personal administrativo<\/h4><p>\u00b7 Gesti\u00f3n de personal, usuarios de la aplicaci\u00f3n<br \/>\u00b7 Gesti\u00f3n de roles y permisos de acceso a la aplicaci\u00f3n<\/p><\/div>\r\n\t\t\t\t\t<\/div>\r\n\t\t\t\t<\/li><li> \r\n\t\t\t\t\t<div class=\"feature-box box-left d-flex\"> \r\n\t\t\t\t\t\t<div class=\"box-icon\">\r\n\t\t\t\t\t\t\t<div class=\"icon icon-basic-message-txt\">\r\n\t\t\t\t\t\t\t\t\r\n\t\t\t\t\t\t\t<\/div>\r\n\t\t\t\t\t\t<\/div>\r\n\t\t\t\t\t\t<div class=\"box-text align-self-center align-self-md-start\"><h4>Instructores<\/h4><p>\u00b7 Gesti\u00f3n de Instructores<\/p><\/div>\r\n\t\t\t\t\t<\/div>\r\n\t\t\t\t<\/li><li> \r\n\t\t\t\t\t<div class=\"feature-box box-left d-flex\"> \r\n\t\t\t\t\t\t<div class=\"box-icon\">\r\n\t\t\t\t\t\t\t<div class=\"icon icon-basic-message-txt\">\r\n\t\t\t\t\t\t\t\t\r\n\t\t\t\t\t\t\t<\/div>\r\n\t\t\t\t\t\t<\/div>\r\n\t\t\t\t\t\t<div class=\"box-text align-self-center align-self-md-start\"><h4>Alumnos<\/h4><p>\u00b7 Gesti\u00f3n de alumnos \u2013 candidatos a conductores<\/p><\/div>\r\n\t\t\t\t\t<\/div>\r\n\t\t\t\t<\/li><li> \r\n\t\t\t\t\t<div class=\"feature-box box-left d-flex\"> \r\n\t\t\t\t\t\t<div class=\"box-icon\">\r\n\t\t\t\t\t\t\t<div class=\"icon icon-basic-message-txt\">\r\n\t\t\t\t\t\t\t\t\r\n\t\t\t\t\t\t\t<\/div>\r\n\t\t\t\t\t\t<\/div>\r\n\t\t\t\t\t\t<div class=\"box-text align-self-center align-self-md-start\"><h4>Personas\/empresas vinculadas<\/h4><p>\u00b7 Gesti\u00f3n de contactos vinculados con los estudiantes (padres, hermanos)<\/p><\/div>\r\n\t\t\t\t\t<\/div>\r\n\t\t\t\t<\/li><\/ul>[\/vc_column][vc_column width=&#8221;1\/3&#8243; offset=&#8221;vc_hidden-xs&#8221;][vc_single_image image=&#8221;575&#8243; img_size=&#8221;full&#8221; alignment=&#8221;center&#8221; css=&#8221;&#8221;][\/vc_column][vc_column width=&#8221;1\/3&#8243;]<ul class=\"features-item\" ><li> \r\n\t\t\t\t\t<div class=\"feature-box  d-flex\"> \r\n\t\t\t\t\t\t<div class=\"box-icon\">\r\n\t\t\t\t\t\t\t<div class=\"icon icon-basic-share\">\r\n\t\t\t\t\t\t\t\t\r\n\t\t\t\t\t\t\t<\/div>\r\n\t\t\t\t\t\t<\/div>\r\n\t\t\t\t\t\t<div class=\"box-text align-self-center align-self-md-start\"><h4>Inscripciones<\/h4><p>\u00b7 Gesti\u00f3n de inscripciones con datos detallados de asistencia (por ejemplo, integraci\u00f3n en un departamento)<br \/>\u00b7 M\u00faltiples estados de inscripci\u00f3n<\/p><\/div>\r\n\t\t\t\t\t<\/div>\r\n\t\t\t\t<\/li><li> \r\n\t\t\t\t\t<div class=\"feature-box  d-flex\"> \r\n\t\t\t\t\t\t<div class=\"box-icon\">\r\n\t\t\t\t\t\t\t<div class=\"icon icon-basic-sheet-multiple\">\r\n\t\t\t\t\t\t\t\t\r\n\t\t\t\t\t\t\t<\/div>\r\n\t\t\t\t\t\t<\/div>\r\n\t\t\t\t\t\t<div class=\"box-text align-self-center align-self-md-start\"><h4>Grupos de formaci\u00f3n (para asignaturas te\u00f3ricas)<\/h4><p>\u00b7 Gesti\u00f3n de departamentos de formaci\u00f3n<br \/>\u00b7 Definici\u00f3n din\u00e1mica de cursos impartidos, profesores por departamento<br \/>\u00b7 Gesti\u00f3n de par\u00e1metros de horario para cada departamento<\/p><\/div>\r\n\t\t\t\t\t<\/div>\r\n\t\t\t\t<\/li><li> \r\n\t\t\t\t\t<div class=\"feature-box  d-flex\"> \r\n\t\t\t\t\t\t<div class=\"box-icon\">\r\n\t\t\t\t\t\t\t<div class=\"icon icon-basic-alarm\">\r\n\t\t\t\t\t\t\t\t\r\n\t\t\t\t\t\t\t<\/div>\r\n\t\t\t\t\t\t<\/div>\r\n\t\t\t\t\t\t<div class=\"box-text align-self-center align-self-md-start\"><h4>Horario<\/h4><p>\u00b7 Gesti\u00f3n &#8211; registro de programa<br \/>\u00b7 Soporte para m\u00faltiples m\u00e9todos de impartici\u00f3n de cursos<\/p><\/div>\r\n\t\t\t\t\t<\/div>\r\n\t\t\t\t<\/li><li> \r\n\t\t\t\t\t<div class=\"feature-box  d-flex\"> \r\n\t\t\t\t\t\t<div class=\"box-icon\">\r\n\t\t\t\t\t\t\t<div class=\"icon icon-basic-alarm\">\r\n\t\t\t\t\t\t\t\t\r\n\t\t\t\t\t\t\t<\/div>\r\n\t\t\t\t\t\t<\/div>\r\n\t\t\t\t\t\t<div class=\"box-text align-self-center align-self-md-start\"><h4>Calendarios<\/h4><p>\u00b7 Cursos te\u00f3ricos<br \/>\u00b7 Cursos pr\u00e1cticos<br \/>\u00b7 Ex\u00e1menes de cursos te\u00f3ricos y pr\u00e1cticos<\/p><\/div>\r\n\t\t\t\t\t<\/div>\r\n\t\t\t\t<\/li><li> \r\n\t\t\t\t\t<div class=\"feature-box  d-flex\"> \r\n\t\t\t\t\t\t<div class=\"box-icon\">\r\n\t\t\t\t\t\t\t<div class=\"icon icon-basic-alarm\">\r\n\t\t\t\t\t\t\t\t\r\n\t\t\t\t\t\t\t<\/div>\r\n\t\t\t\t\t\t<\/div>\r\n\t\t\t\t\t\t<div class=\"box-text align-self-center align-self-md-start\"><h4>Ausencias de estudiantes<\/h4><p>\u00b7 Gesti\u00f3n &#8211; registro de ausencias para el conjunto de actividades seg\u00fan los calendarios de clases te\u00f3ricas y pr\u00e1cticas<\/p><\/div>\r\n\t\t\t\t\t<\/div>\r\n\t\t\t\t<\/li><li> \r\n\t\t\t\t\t<div class=\"feature-box  d-flex\"> \r\n\t\t\t\t\t\t<div class=\"box-icon\">\r\n\t\t\t\t\t\t\t<div class=\"icon icon-basic-alarm\">\r\n\t\t\t\t\t\t\t\t\r\n\t\t\t\t\t\t\t<\/div>\r\n\t\t\t\t\t\t<\/div>\r\n\t\t\t\t\t\t<div class=\"box-text align-self-center align-self-md-start\"><h4>Archivos<\/h4><p>\u00b7 Permisos de conducir<br \/>\u00b7 Boletines de formaci\u00f3n<\/p><\/div>\r\n\t\t\t\t\t<\/div>\r\n\t\t\t\t<\/li><\/ul>[\/vc_column][\/vc_row][\/vc_section]<\/p>\n<\/div>","protected":false},"excerpt":{"rendered":"<p>[vc_section el_id=&#8221;features&#8221; el_class=&#8221;bg-grey&#8221;][vc_row][vc_column][\/vc_column][\/vc_row][vc_row el_class=&#8221;vc_row-flex align-items-center&#8221;][vc_column width=&#8221;1\/3&#8243;][\/vc_column][vc_column width=&#8221;1\/3&#8243; offset=&#8221;vc_hidden-xs&#8221;][vc_single_image image=&#8221;575&#8243; img_size=&#8221;full&#8221; alignment=&#8221;center&#8221; css=&#8221;&#8221;][\/vc_column][vc_column width=&#8221;1\/3&#8243;][\/vc_column][\/vc_row][\/vc_section]<\/p>\n","protected":false},"author":1,"featured_media":0,"parent":0,"menu_order":0,"comment_status":"closed","ping_status":"closed","template":"","meta":{"_seopress_robots_primary_cat":"","_seopress_titles_title":"\u0394\u03b9\u03b1\u03c7\u03b5\u03af\u03c1\u03b9\u03c3\u03b7 \u03b3\u03b9\u03b1 \u03a3\u03c7\u03bf\u03bb\u03ad\u03c2 \u039f\u03b4\u03b7\u03b3\u03ce\u03bd | \u0395\u03c1\u03b3\u03b1\u03bb\u03b5\u03af\u03b1 \u03b3\u03b9\u03b1 \u0399\u03b4\u03b9\u03bf\u03ba\u03c4\u03ae\u03c4\u03b5\u03c2 & \u03a3\u03c4\u03b5\u03bb\u03ad\u03c7\u03b7","_seopress_titles_desc":"\u03a8\u03b7\u03c6\u03b9\u03b1\u03ba\u03ae, \u03b3\u03c1\u03ae\u03b3\u03bf\u03c1\u03b7 \u03ba\u03b1\u03b9 \u03b1\u03c0\u03bf\u03c4\u03b5\u03bb\u03b5\u03c3\u03bc\u03b1\u03c4\u03b9\u03ba\u03ae \u03b4\u03b9\u03b1\u03c7\u03b5\u03af\u03c1\u03b9\u03c3\u03b7 \u03c3\u03c7\u03bf\u03bb\u03ae\u03c2 \u03bf\u03b4\u03b7\u03b3\u03ce\u03bd. \u0391\u03bd\u03b1\u03c6\u03bf\u03c1\u03ad\u03c2, \u03c0\u03af\u03bd\u03b1\u03ba\u03b5\u03c2 \u03b5\u03bb\u03ad\u03b3\u03c7\u03bf\u03c5 \u03ba\u03b1\u03b9 web \u03b5\u03c1\u03b3\u03b1\u03bb\u03b5\u03af\u03b1 \u03b3\u03b9\u03b1 \u03b9\u03b4\u03b9\u03bf\u03ba\u03c4\u03ae\u03c4\u03b5\u03c2 \u03ba\u03b1\u03b9 \u03c3\u03c4\u03b5\u03bb\u03ad\u03c7\u03b7.","_seopress_robots_index":"","footnotes":""},"class_list":["post-675","page","type-page","status-publish"],"_links":{"self":[{"href":"https:\/\/www.driversapp.gr\/es\/wp-json\/wp\/v2\/pages\/675","targetHints":{"allow":["GET"]}}],"collection":[{"href":"https:\/\/www.driversapp.gr\/es\/wp-json\/wp\/v2\/pages"}],"about":[{"href":"https:\/\/www.driversapp.gr\/es\/wp-json\/wp\/v2\/types\/page"}],"author":[{"embeddable":true,"href":"https:\/\/www.driversapp.gr\/es\/wp-json\/wp\/v2\/users\/1"}],"replies":[{"embeddable":true,"href":"https:\/\/www.driversapp.gr\/es\/wp-json\/wp\/v2\/comments?post=675"}],"version-history":[{"count":16,"href":"https:\/\/www.driversapp.gr\/es\/wp-json\/wp\/v2\/pages\/675\/revisions"}],"predecessor-version":[{"id":804,"href":"https:\/\/www.driversapp.gr\/es\/wp-json\/wp\/v2\/pages\/675\/revisions\/804"}],"wp:attachment":[{"href":"https:\/\/www.driversapp.gr\/es\/wp-json\/wp\/v2\/media?parent=675"}],"curies":[{"name":"wp","href":"https:\/\/api.w.org\/{rel}","templated":true}]}}