{"id":678,"date":"2025-10-20T14:05:16","date_gmt":"2025-10-20T11:05:16","guid":{"rendered":"https:\/\/www.driversapp.gr\/para-los-estudiantes\/"},"modified":"2025-10-28T11:41:53","modified_gmt":"2025-10-28T09:41:53","slug":"para-los-estudiantes","status":"publish","type":"page","link":"https:\/\/www.driversapp.gr\/es\/para-los-estudiantes\/","title":{"rendered":"Para los estudiantes"},"content":{"rendered":"<div class=\"wpb-content-wrapper\"><p>[vc_section el_id=&#8221;features&#8221; el_class=&#8221;bg-grey&#8221;][vc_row][vc_column]<div class=\"row justify-content-center\"><div class=\"col-12 col-md-10 col-lg-6\"><div class=\"section-title text-center  \"><h3>Para los estudiantes<\/h3><p>\u00a1La formaci\u00f3n en la autoescuela es digital! Seguimiento de la formaci\u00f3n en clases pr\u00e1cticas y te\u00f3ricas junto con opciones de aprendizaje electr\u00f3nico. Fechas de ex\u00e1menes, acceso inmediato a anuncios y notificaciones con automatizaci\u00f3n completa de la formaci\u00f3n a trav\u00e9s del tel\u00e9fono m\u00f3vil.<\/p><\/div><\/div><\/div>[\/vc_column][\/vc_row][vc_row el_class=&#8221;vc_row-flex align-items-center&#8221;][vc_column width=&#8221;1\/3&#8243;]<ul class=\"features-item\" ><li> \r\n\t\t\t\t\t<div class=\"feature-box box-left d-flex\"> \r\n\t\t\t\t\t\t<div class=\"box-icon\">\r\n\t\t\t\t\t\t\t<div class=\"icon icon-basic-gear\">\r\n\t\t\t\t\t\t\t\t\r\n\t\t\t\t\t\t\t<\/div>\r\n\t\t\t\t\t\t<\/div>\r\n\t\t\t\t\t\t<div class=\"box-text align-self-center align-self-md-start\"><h4><\/h4><p>Informaci\u00f3n sobre los datos de la inscripci\u00f3n actual (tipo de permiso para el que se est\u00e1n siguiendo las clases, cu\u00e1ntas clases te\u00f3ricas y cu\u00e1ntas pr\u00e1cticas se han realizado por inscripci\u00f3n, etc.)<\/p><\/div>\r\n\t\t\t\t\t<\/div>\r\n\t\t\t\t<\/li><li> \r\n\t\t\t\t\t<div class=\"feature-box box-left d-flex\"> \r\n\t\t\t\t\t\t<div class=\"box-icon\">\r\n\t\t\t\t\t\t\t<div class=\"icon icon-basic-lock\">\r\n\t\t\t\t\t\t\t\t\r\n\t\t\t\t\t\t\t<\/div>\r\n\t\t\t\t\t\t<\/div>\r\n\t\t\t\t\t\t<div class=\"box-text align-self-center align-self-md-start\"><h4><\/h4><p>Informaci\u00f3n sobre el programa de clases te\u00f3ricas y pr\u00e1cticas<\/p><\/div>\r\n\t\t\t\t\t<\/div>\r\n\t\t\t\t<\/li><li> \r\n\t\t\t\t\t<div class=\"feature-box box-left d-flex\"> \r\n\t\t\t\t\t\t<div class=\"box-icon\">\r\n\t\t\t\t\t\t\t<div class=\"icon icon-basic-message-txt\">\r\n\t\t\t\t\t\t\t\t\r\n\t\t\t\t\t\t\t<\/div>\r\n\t\t\t\t\t\t<\/div>\r\n\t\t\t\t\t\t<div class=\"box-text align-self-center align-self-md-start\"><h4><\/h4><p>Informaci\u00f3n sobre los ex\u00e1menes programados de clases te\u00f3ricas o pr\u00e1cticas<\/p><\/div>\r\n\t\t\t\t\t<\/div>\r\n\t\t\t\t<\/li><li> \r\n\t\t\t\t\t<div class=\"feature-box box-left d-flex\"> \r\n\t\t\t\t\t\t<div class=\"box-icon\">\r\n\t\t\t\t\t\t\t<div class=\"icon icon-basic-message-txt\">\r\n\t\t\t\t\t\t\t\t\r\n\t\t\t\t\t\t\t<\/div>\r\n\t\t\t\t\t\t<\/div>\r\n\t\t\t\t\t\t<div class=\"box-text align-self-center align-self-md-start\"><h4><\/h4><p>Recepci\u00f3n de instrucciones de los profesores por hora de formaci\u00f3n y notas de formaci\u00f3n (por ejemplo, archivos tipo pdf)<\/p><\/div>\r\n\t\t\t\t\t<\/div>\r\n\t\t\t\t<\/li><li> \r\n\t\t\t\t\t<div class=\"feature-box box-left d-flex\"> \r\n\t\t\t\t\t\t<div class=\"box-icon\">\r\n\t\t\t\t\t\t\t<div class=\"icon icon-basic-message-txt\">\r\n\t\t\t\t\t\t\t\t\r\n\t\t\t\t\t\t\t<\/div>\r\n\t\t\t\t\t\t<\/div>\r\n\t\t\t\t\t\t<div class=\"box-text align-self-center align-self-md-start\"><h4><\/h4><p>Posibilidad de seguir con v\u00eddeo el proceso de formaci\u00f3n por hora\/d\u00eda de formaci\u00f3n<\/p><\/div>\r\n\t\t\t\t\t<\/div>\r\n\t\t\t\t<\/li><\/ul>[\/vc_column][vc_column width=&#8221;1\/3&#8243; offset=&#8221;vc_hidden-xs&#8221;][vc_single_image image=&#8221;575&#8243; img_size=&#8221;full&#8221; alignment=&#8221;center&#8221; css=&#8221;&#8221;][\/vc_column][vc_column width=&#8221;1\/3&#8243;]<ul class=\"features-item\" ><li> \r\n\t\t\t\t\t<div class=\"feature-box  d-flex\"> \r\n\t\t\t\t\t\t<div class=\"box-icon\">\r\n\t\t\t\t\t\t\t<div class=\"icon icon-basic-share\">\r\n\t\t\t\t\t\t\t\t\r\n\t\t\t\t\t\t\t<\/div>\r\n\t\t\t\t\t\t<\/div>\r\n\t\t\t\t\t\t<div class=\"box-text align-self-center align-self-md-start\"><h4><\/h4><p>Posibilidad de acceso directo a una sesi\u00f3n de teleformaci\u00f3n en vivo desde la aplicaci\u00f3n<\/p><\/div>\r\n\t\t\t\t\t<\/div>\r\n\t\t\t\t<\/li><li> \r\n\t\t\t\t\t<div class=\"feature-box  d-flex\"> \r\n\t\t\t\t\t\t<div class=\"box-icon\">\r\n\t\t\t\t\t\t\t<div class=\"icon icon-basic-sheet-multiple\">\r\n\t\t\t\t\t\t\t\t\r\n\t\t\t\t\t\t\t<\/div>\r\n\t\t\t\t\t\t<\/div>\r\n\t\t\t\t\t\t<div class=\"box-text align-self-center align-self-md-start\"><h4><\/h4><p>Informaci\u00f3n sobre las ausencias y otra informaci\u00f3n relacionada con ellas<\/p><\/div>\r\n\t\t\t\t\t<\/div>\r\n\t\t\t\t<\/li><li> \r\n\t\t\t\t\t<div class=\"feature-box  d-flex\"> \r\n\t\t\t\t\t\t<div class=\"box-icon\">\r\n\t\t\t\t\t\t\t<div class=\"icon icon-basic-alarm\">\r\n\t\t\t\t\t\t\t\t\r\n\t\t\t\t\t\t\t<\/div>\r\n\t\t\t\t\t\t<\/div>\r\n\t\t\t\t\t\t<div class=\"box-text align-self-center align-self-md-start\"><h4><\/h4><p>Recepci\u00f3n de mensajes personales o grupales del personal administrativo o acad\u00e9mico (notificaciones dentro de la aplicaci\u00f3n)<\/p><\/div>\r\n\t\t\t\t\t<\/div>\r\n\t\t\t\t<\/li><li> \r\n\t\t\t\t\t<div class=\"feature-box  d-flex\"> \r\n\t\t\t\t\t\t<div class=\"box-icon\">\r\n\t\t\t\t\t\t\t<div class=\"icon icon-basic-alarm\">\r\n\t\t\t\t\t\t\t\t\r\n\t\t\t\t\t\t\t<\/div>\r\n\t\t\t\t\t\t<\/div>\r\n\t\t\t\t\t\t<div class=\"box-text align-self-center align-self-md-start\"><h4><\/h4><p>Informaci\u00f3n inmediata sobre noticias y anuncios de la autoescuela<\/p><\/div>\r\n\t\t\t\t\t<\/div>\r\n\t\t\t\t<\/li><\/ul>[\/vc_column][\/vc_row][\/vc_section]<\/p>\n<\/div>","protected":false},"excerpt":{"rendered":"<p>[vc_section el_id=&#8221;features&#8221; el_class=&#8221;bg-grey&#8221;][vc_row][vc_column][\/vc_column][\/vc_row][vc_row el_class=&#8221;vc_row-flex align-items-center&#8221;][vc_column width=&#8221;1\/3&#8243;][\/vc_column][vc_column width=&#8221;1\/3&#8243; offset=&#8221;vc_hidden-xs&#8221;][vc_single_image image=&#8221;575&#8243; img_size=&#8221;full&#8221; alignment=&#8221;center&#8221; css=&#8221;&#8221;][\/vc_column][vc_column width=&#8221;1\/3&#8243;][\/vc_column][\/vc_row][\/vc_section]<\/p>\n","protected":false},"author":1,"featured_media":0,"parent":0,"menu_order":0,"comment_status":"closed","ping_status":"closed","template":"","meta":{"_seopress_robots_primary_cat":"","_seopress_titles_title":"\u03a8\u03b7\u03c6\u03b9\u03b1\u03ba\u03ae \u03a6\u03bf\u03af\u03c4\u03b7\u03c3\u03b7 \u03b3\u03b9\u03b1 \u03a3\u03c0\u03bf\u03c5\u03b4\u03b1\u03c3\u03c4\u03ad\u03c2 \u03a3\u03c7\u03bf\u03bb\u03ce\u03bd \u039f\u03b4\u03b7\u03b3\u03ce\u03bd | Driversapp","_seopress_titles_desc":"\u03a0\u03b1\u03c1\u03b1\u03ba\u03bf\u03bb\u03bf\u03cd\u03b8\u03b7\u03c3\u03b5 \u03bc\u03b1\u03b8\u03ae\u03bc\u03b1\u03c4\u03b1, \u03b5\u03be\u03b5\u03c4\u03ac\u03c3\u03b5\u03b9\u03c2 & \u03b1\u03bd\u03b1\u03ba\u03bf\u03b9\u03bd\u03ce\u03c3\u03b5\u03b9\u03c2 \u03b1\u03c0\u03cc \u03c4\u03bf \u03ba\u03b9\u03bd\u03b7\u03c4\u03cc \u03c3\u03bf\u03c5! \u03a8\u03b7\u03c6\u03b9\u03b1\u03ba\u03ae \u03c6\u03bf\u03af\u03c4\u03b7\u03c3\u03b7 \u03bc\u03b5 e-learning, \u03c4\u03b7\u03bb\u03b5\u03ba\u03c0\u03b1\u03af\u03b4\u03b5\u03c5\u03c3\u03b7 \u03ba\u03b1\u03b9 \u03c0\u03bb\u03ae\u03c1\u03b7 \u03b5\u03bd\u03b7\u03bc\u03ad\u03c1\u03c9\u03c3\u03b7.","_seopress_robots_index":"","footnotes":""},"class_list":["post-678","page","type-page","status-publish"],"_links":{"self":[{"href":"https:\/\/www.driversapp.gr\/es\/wp-json\/wp\/v2\/pages\/678","targetHints":{"allow":["GET"]}}],"collection":[{"href":"https:\/\/www.driversapp.gr\/es\/wp-json\/wp\/v2\/pages"}],"about":[{"href":"https:\/\/www.driversapp.gr\/es\/wp-json\/wp\/v2\/types\/page"}],"author":[{"embeddable":true,"href":"https:\/\/www.driversapp.gr\/es\/wp-json\/wp\/v2\/users\/1"}],"replies":[{"embeddable":true,"href":"https:\/\/www.driversapp.gr\/es\/wp-json\/wp\/v2\/comments?post=678"}],"version-history":[{"count":6,"href":"https:\/\/www.driversapp.gr\/es\/wp-json\/wp\/v2\/pages\/678\/revisions"}],"predecessor-version":[{"id":812,"href":"https:\/\/www.driversapp.gr\/es\/wp-json\/wp\/v2\/pages\/678\/revisions\/812"}],"wp:attachment":[{"href":"https:\/\/www.driversapp.gr\/es\/wp-json\/wp\/v2\/media?parent=678"}],"curies":[{"name":"wp","href":"https:\/\/api.w.org\/{rel}","templated":true}]}}